{"id":276,"date":"2021-01-05T09:46:56","date_gmt":"2021-01-05T07:46:56","guid":{"rendered":"https:\/\/strigova.info\/cycleseeing-attractour\/?page_id=276"},"modified":"2022-07-06T11:17:11","modified_gmt":"2022-07-06T09:17:11","slug":"cookie-szabalyzat","status":"publish","type":"page","link":"https:\/\/strigova.info\/cycleseeing-attractour\/cookie-szabalyzat\/?lang=hu","title":{"rendered":"Cookie szab\u00e1lyzat"},"content":{"rendered":"<p><strong><em>Felhaszn\u00e1l\u00f3i adatv\u00e9delem<\/em><\/strong><\/p>\n<p><strong>A honlap megfelel\u0151 m\u0171k\u00f6d\u00e9se, valamint tov\u00e1bbfejleszt\u00e9se, illetve a b\u00f6ng\u00e9sz\u00e9si \u00e9lm\u00e9ny jav\u00edt\u00e1sa \u00e9rdek\u00e9ben ennek a honlapnak a felhaszn\u00e1l\u00f3 sz\u00e1m\u00edt\u00f3g\u00e9p\u00e9n is kis mennyis\u00e9g\u0171 inform\u00e1ci\u00f3t (cookie-kat) kell t\u00e1rolnia. A honlapok t\u00f6bb mint 90%-a alkalmazza ezt a gyakorlatot, de az EU szab\u00e1lyoz\u00e1s szerint 2011.03.25-t\u0151l k\u00f6telesek vagyunk kik\u00e9rni a felhaszn\u00e1l\u00f3 hozz\u00e1j\u00e1rul\u00e1s<\/strong><strong>\u00e1t a cookie-k (s\u00fctik) ment\u00e9se el\u0151tt.<\/strong> <strong>A weboldal haszn\u00e1lat\u00e1val \u00e9s az \u201eelfogadom\u201d opci\u00f3 kiv\u00e1laszt\u00e1s\u00e1val a felhaszn\u00e1l\u00f3 hozz\u00e1j\u00e1rul a cookie-k haszn\u00e1lat\u00e1hoz.<\/strong> <strong>A cookie-k letilt\u00e1s\u00e1val a felhaszn\u00e1l\u00f3 tov\u00e1bbra is b\u00f6ng\u00e9szhet az oldalon, de egyes funkci\u00f3k el\u00e9rhetetlenek lesznek. <\/strong><\/p>\n<p><strong><em><br \/>\nMik azok a cookie-k (s\u00fctik)?<\/em><\/strong><\/p>\n<p>Az adatkezel\u0151 a honlap l\u00e1togat\u00e1sa sor\u00e1n \u00fagynevezett s\u00fctiket (ang. cookie) haszn\u00e1l. A cookie-k \u00e1ltal\u00e1ban a webhely be\u00e1ll\u00edt\u00e1sait t\u00e1rolj\u00e1k, p\u00e9ld\u00e1ul az \u00d6n \u00e1ltal v\u00e1lasztott nyelvet vagy c\u00edmet. Amikor \u00fajra megnyitja ugyanazt a honlapot, az internetb\u00f6ng\u00e9sz\u0151 visszak\u00fcldi az oldalhoz tartoz\u00f3 cookie-kat. Ez lehet\u0151v\u00e9 teszi az oldal sz\u00e1m\u00e1ra, hogy az \u00d6n ig\u00e9nyeire szabott inform\u00e1ci\u00f3kat jelen\u00edtsen meg.<\/p>\n<p>A s\u00fctik sokf\u00e9le inform\u00e1ci\u00f3t t\u00e1rolhatnak, bele\u00e9rtve a szem\u00e9lyes adatokat (p\u00e9ld\u00e1ul az \u00d6n nev\u00e9t vagy e-mail c\u00edm\u00e9t). Ez az adathalmaz csak az \u00d6n el\u0151zetes hozz\u00e1j\u00e1rul\u00e1sa eset\u00e9n ker\u00fcl alkalmaz\u00e1sra, azaz a webhelyek nem f\u00e9rhetnek hozz\u00e1 olyan adatokhoz, amelyeket \u00d6n nem adott meg., Az \u00d6n g\u00e9p\u00e9n l\u00e9v\u0151 egy\u00e9b adatokhoz nem f\u00e9rnek hozz\u00e1. Az alapm\u0171k\u00f6d\u00e9shez sz\u00fcks\u00e9ges cookie-k kezel\u00e9se automatikusan t\u00f6rt\u00e9nik, ez a folyamat az \u00d6n sz\u00e1m\u00e1ra nem l\u00e1that\u00f3. M\u00f3dos\u00edthatja azonban az internetb\u00f6ng\u00e9sz\u0151 be\u00e1ll\u00edt\u00e1sait, kiv\u00e1laszthatja, hogy j\u00f3v\u00e1hagyja vagy elutas\u00edtja a cookie-k ment\u00e9s\u00e9re vonatkoz\u00f3 k\u00e9r\u00e9seket, illetve az internet b\u00f6ng\u00e9sz\u0151 bez\u00e1r\u00e1sakor automatikusan t\u00f6r\u00f6lheti azokat.<\/p>\n<p><strong><em>Milyen cookie-kat haszn\u00e1lunk mi?<\/em><\/strong><\/p>\n<table>\n<tbody>\n<tr>\n<th width=\"10%\"><strong>T\u00edpus<\/strong><\/th>\n<th width=\"45%\"><strong>N\u00e9v<\/strong><\/th>\n<th width=\"30%\"><strong>Adatkezel\u00e9s c\u00e9lja<\/strong><\/th>\n<th width=\"15%\"><strong>Haszn\u00e1lati id\u0151tartam<\/strong><\/th>\n<\/tr>\n<tr>\n<td>Bels\u0151<\/td>\n<td>cookie_notice_accepted<\/td>\n<td>A s\u00fctik haszn\u00e1lat\u00e1ra vonatkoz\u00f3 d\u00f6nt\u00e9s t\u00e1rol\u00e1sa<\/td>\n<td>1 \u00e9v<\/td>\n<\/tr>\n<tr>\n<td>K\u00fcls\u0151<\/td>\n<td>_ga, _gat, _gid, collect<\/td>\n<td>Oldalb\u00f6ng\u00e9sz\u00e9si statisztik\u00e1k t\u00e1rol\u00e1s\u00e1hoz &#8211; Google Analytics<\/td>\n<td>legfeljebb 2 \u00e9vig<\/td>\n<\/tr>\n<tr>\n<td>K\u00fcls\u0151<\/td>\n<td>YSC, VISITOR_INFO1_LIVE, yt-remote-cast-installed, yt-remote-connected-devices, yt-remote-device-id, yt-remote-fast-check-period, yt-remote-session<\/td>\n<td>Enged\u00e9lyezi a YouTube m\u00e9diab\u00f6ng\u00e9sz\u0151j\u00e9t<\/td>\n<td>legfeljebb 10 \u00e9vig<\/td>\n<\/tr>\n<tr>\n<td>K\u00fcls\u0151<\/td>\n<td>IDE, r\/collect<\/td>\n<td>Ideiglenes Doubleclick cookie a l\u00e1togat\u00f3i viselked\u00e9s nyomonk\u00f6vet\u00e9s\u00e9hez<\/td>\n<td>legfeljebb 2 \u00e9vig<\/td>\n<\/tr>\n<\/tbody>\n<\/table>\n<p><strong><em>\u00a0<\/em><\/strong><\/p>\n<p><strong><em>A cookie-k letilt\u00e1s\u00e1nak \u00e9s\/vagy elt\u00e1vol\u00edt\u00e1s\u00e1nak m\u00f3dja<\/em><\/strong><\/p>\n<p>A webhelyek \u00e1ltal mentett cookie-k k\u00e9sz\u00fcl\u00e9k\u00e9n val\u00f3 haszn\u00e1lat\u00e1t enged\u00e9lyezheti \u00e9s le is tilthatja. A s\u00fctibe\u00e1ll\u00edt\u00e1sok webb\u00f6ng\u00e9sz\u0151j\u00e9ben vez\u00e9relhet\u0151k \u00e9s konfigur\u00e1lhat\u00f3k. Be\u00e1ll\u00edt\u00e1sukkal kapcsolatos inform\u00e1ci\u00f3k\u00e9rt v\u00e1lassza ki az \u00d6n \u00e1ltal haszn\u00e1lt webb\u00f6ng\u00e9sz\u0151 egyik\u00e9t:<\/p>\n<p>\u2022 <a href=\"https:\/\/support.google.com\/chrome\/answer\/95647?hl=hr\">Chrome\u00a0<\/a><br \/>\n\u2022 <a href=\"https:\/\/support.mozilla.org\/hr\/kb\/Kola%C4%8Di%C4%87i\">Firefox\u00a0<\/a><br \/>\n\u2022 <a href=\"http:\/\/windows.microsoft.com\/hr-hr\/windows7\/how-to-manage-cookies-in-internet-explorer-9\">Internet Explorer 9<\/a><br \/>\n\u2022 <a href=\"https:\/\/support.microsoft.com\/kb\/278835\/hr\">Internet Explorer 7 i 8<\/a><br \/>\n\u2022 <a href=\"https:\/\/www.opera.com\/help\/tutorials\/security\/privacy\/\">Opera<\/a> (angol nyelv\u0171 oldal)<br \/>\n\u2022 <a href=\"https:\/\/support.apple.com\/kb\/ph11913http:\/\/support.apple.com\/kb\/ph11913\">Safari<\/a> (angol nyelv\u0171 oldal)<\/p>\n<p>A s\u00fctik letilt\u00e1sa korl\u00e1tozhatja a www.strigova.info weboldal megfelel\u0151 m\u0171k\u00f6d\u00e9s\u00e9t, funkci\u00f3inak teljes k\u00f6r\u0171 haszn\u00e1lat\u00e1t.<\/p>\n<p><strong><em>Mi a bels\u0151 cookie?<\/em><\/strong><\/p>\n<p>Bels\u0151 cookie-k azok, amelyeket az \u00d6n \u00e1ltal felkeresett webhely haszn\u00e1l, ezek lehetnek \u00e1lland\u00f3ak vagy ideiglenesek. A bels\u0151 cookie-k \u00e1ltal gy\u0171jt\u00f6tt inform\u00e1ci\u00f3kat csak az adott honlap tudja feldolgozni vagy hasznos\u00edtani, illetve a k\u00f6vetkez\u0151 l\u00e1togat\u00e1s alkalm\u00e1val \u00fajra felhaszn\u00e1lni.<\/p>\n<p><strong><em>Mi a munkamenet (Session) cookie?<\/em><\/strong><\/p>\n<p>Ideiglenes s\u00fctik vagy munkamenet cookie-k kiz\u00e1r\u00f3lag a webhely l\u00e1togat\u00e1s\u00e1nak id\u0151tartam\u00e1ra j\u00f6n l\u00e9tre \u00e9s a l\u00e1togat\u00e1s ut\u00e1n automatikusan t\u00f6rl\u0151dik. A felhaszn\u00e1l\u00f3i adatbeviteleket k\u00f6veti nyomon, mint p\u00e9ld\u00e1ul a virtu\u00e1lis kos\u00e1rral val\u00f3 v\u00e1s\u00e1rl\u00e1st.<\/p>\n<p><strong><em>Mik az \u00e1lland\u00f3 cookie-k <\/em><\/strong><strong><em>(Persistent cookies)?<\/em><\/strong><\/p>\n<p>Az \u00e1lland\u00f3 vagy mentett cookie-k az internetes b\u00f6ng\u00e9sz\u0151program bez\u00e1r\u00e1sa ut\u00e1n is a sz\u00e1m\u00edt\u00f3g\u00e9p\u00e9n maradnak. Seg\u00edtenek a webhelyeknek olyan inform\u00e1ci\u00f3kat t\u00e1rolni, mint p\u00e9ld\u00e1ul a bejelentkez\u00e9si n\u00e9v vagy jelsz\u00f3, \u00edgy nem kell minden alkalommal bejelentkeznie egy adott webhely felkeres\u00e9sekor. Az \u00e1lland\u00f3 cookie-k \u00e9rv\u00e9nyess\u00e9gi ideje napokban, hetekben, h\u00f3napokban vagy \u00e9vekben ker\u00fcl meghat\u00e1roz\u00e1sra.<\/p>\n<p><strong><em>Mit nevez\u00fcnk a harmadik f\u00e9lt\u0151l sz\u00e1rmaz\u00f3 cookie-nak?<\/em><\/strong><\/p>\n<p>A harmadik f\u00e9lt\u0151l sz\u00e1rmaz\u00f3 cookie-k az \u00d6n \u00e1ltal megtekintett webhelyen tal\u00e1lhat\u00f3 m\u00e1s webhelyeken megjelen\u0151 hirdet\u00e9sekb\u0151l (p\u00e9ld\u00e1ul el\u0151ugr\u00f3 ablakokb\u00f3l vagy egy\u00e9b hirdet\u00e9sekb\u0151l) sz\u00e1rmaznak. Ezek a webhelyek birtokolj\u00e1k a megl\u00e1togatott weboldalon l\u00e1that\u00f3 tartalom bizonyos r\u00e9sz\u00e9t, nyomon k\u00f6vethetik az internet marketing c\u00e9l\u00fa haszn\u00e1lat\u00e1t.<\/p>\n<p><strong><em>Haszn\u00e1l-e a strigova.info <\/em>cookie-<\/strong><strong><em>kat <\/em><\/strong><strong><em>\u00e9s ha igen, mi\u00e9rt?<\/em><\/strong><\/p>\n<p>Igen, els\u0151sorban azzal a c\u00e9llal, hogy jobb felhaszn\u00e1l\u00f3i \u00e9lm\u00e9nyt ny\u00fajtsunk weboldalunk felkeres\u00e9sekor.<\/p>\n<p><strong><em>Milyen cookie-<\/em><\/strong><strong><em>kat haszn\u00e1l a strigova.info, \u00e9s mi\u00e9rt? <\/em><\/strong><\/p>\n<p>Munkamenet (Session) cookie<strong> &#8211; <\/strong>ez a cookie kiz\u00e1r\u00f3lag az \u00d6n l\u00e1togat\u00e1s\u00e1nak id\u0151tartam\u00e1ra j\u00f6n l\u00e9tre, \u00e9s a l\u00e1togat\u00e1s ut\u00e1n automatikusan t\u00f6rl\u0151dik, melyet a l\u00e1togatotts\u00e1g m\u00e9r\u00e9s\u00e9re haszn\u00e1lunk.<\/p>\n<p>\u00c1lland\u00f3 (Persistent) cookies <strong>&#8211;<\/strong> ezek azok a s\u00fctik, amelyek azut\u00e1n is online eszk\u00f6z\u00e9n maradnak, hogy \u00d6n elhagyta az adott weboldalt, \u00e9s egy v\u00e9letlenszer\u0171en gener\u00e1lt sz\u00e1mot elt\u00e1rolva seg\u00edtenek a weboldal l\u00e1togat\u00f3inak egyedi felhaszn\u00e1l\u00f3k\u00e9nt t\u00f6rt\u00e9n\u0151 azonos\u00edt\u00e1s\u00e1ban. A \u0160trigova.info az \u00e1lland\u00f3 cookie-kat a l\u00e1togatotts\u00e1g m\u00e9r\u00e9s\u00e9re haszn\u00e1lja. Az \u00e1lland\u00f3 cookie-k anonimiz\u00e1lt statisztikai adatok gy\u0171jt\u00e9s\u00e9re is szolg\u00e1lnak, haszn\u00e1latukkal k\u00e9pet tudunk kapni weboldalunk l\u00e1togat\u00f3inak b\u00f6ng\u00e9sz\u00e9si szok\u00e1sair\u00f3l, felhaszn\u00e1l\u00f3i tapasztalatair\u00f3l.<\/p>\n<p><strong><em>Haszn\u00e1lunk-e harmadik f\u00e9lt\u0151l sz\u00e1rmaz\u00f3 cookie-kat? <\/em><\/strong><\/p>\n<p>Sz\u00e1mos olyan k\u00fcls\u0151 szolg\u00e1ltat\u00e1s l\u00e9tezik, amelyek limit\u00e1lt cookie-kat t\u00e1rolnak a felhaszn\u00e1l\u00f3 sz\u00e1m\u00e1ra. Ezeket a s\u00fctibe\u00e1ll\u00edt\u00e1sokat nem mi fel\u00fcgyelj\u00fck, de n\u00e9h\u00e1nyuk bizonyos funkci\u00f3k norm\u00e1l m\u0171k\u00f6d\u00e9s\u00e9t szolg\u00e1lj\u00e1k, megk\u00f6nny\u00edtve a felhaszn\u00e1l\u00f3k sz\u00e1m\u00e1ra a tartalom el\u00e9r\u00e9s\u00e9t. Jelenleg a k\u00f6vetkez\u0151ket biztos\u00edtjuk:<\/p>\n<p>&#8211; L\u00e1togatotts\u00e1g m\u00e9r\u00e9se<\/p>\n<p>A \u0160trigova.info egy forgalomm\u00e9r\u00e9si szolg\u00e1ltat\u00e1st, a Google analytics-t haszn\u00e1lja. Ha szeretn\u00e9 megakad\u00e1lyozni, hogy a felsorolt szolg\u00e1ltat\u00e1sok cookie-kat t\u00e1roljanak az \u00d6n sz\u00e1m\u00e1ra, ezt az al\u00e1bbi linken teheti meg:<br \/>\n<span style=\"font-size: 1rem;\">Google Analytics &#8211; <\/span><a style=\"background-color: white; font-size: 1rem;\" href=\"https:\/\/tools.google.com\/dlpage\/gaoptout\" target=\"_blank\" rel=\"noopener noreferrer\">https:\/\/tools.google.com\/dlpage\/gaoptout<\/a><\/p>\n<p>Olyan be\u00e1ll\u00edt\u00e1sokat is megadtunk, amelyek miatt a Google Analytics t\u00f6rli a weboldalunk l\u00e1togat\u00f3i IP-c\u00edm\u00e9nek utols\u00f3 r\u00e9sz\u00e9t. Ez\u00e9rt az \u00d6n szem\u00e9lyes adataihoz nem tudunk hozz\u00e1f\u00e9rni. <span class=\"VIiyi\" lang=\"hu\"><span class=\"JLqJ4b ChMk0b\" data-language-for-alternatives=\"hu\" data-language-to-translate-into=\"en\" data-phrase-index=\"0\" data-number-of-phrases=\"1\"><span class=\"Q4iAWc\">B\u0151vebben<\/span><\/span><\/span><span style=\"font-size: 1rem;\">\u00a0<\/span><a style=\"background-color: white; font-size: 1rem;\" href=\"https:\/\/support.google.com\/analytics\/answer\/2763052?hl=en\" target=\"_blank\" rel=\"noopener noreferrer\">https:\/\/support.google.com\/analytics\/answer\/2763052?hl=en<\/a><\/p>\n<p>&#8211; YouTube vide\u00f3k megtekint\u00e9se<\/p>\n<p>A \u0160trigova.info a YouTube szolg\u00e1ltat\u00e1sb\u00f3l sz\u00e1rmaz\u00f3 be\u00e1gyazott vide\u00f3tartalmat tartalmaz, melynek s\u00fctijei inform\u00e1ci\u00f3kat gy\u0171jtenek a Youtube-r\u00f3l sz\u00e1rmaz\u00f3 videotartalom weboldalunkon t\u00f6rt\u00e9n\u0151 felhaszn\u00e1l\u00e1s\u00e1r\u00f3l. Ezen s\u00fctik be\u00e1ll\u00edt\u00e1sa NEM f\u00fcgg a weboldalunkon tal\u00e1lhat\u00f3 vide\u00f3k haszn\u00e1lat\u00e1t\u00f3l.<\/p>\n<p><strong><em>Tov\u00e1bbi inform\u00e1ci\u00f3k a cookie-k kikapcsol\u00e1s\u00e1r\u00f3l<\/em><\/strong><\/p>\n<p>Jelenleg sz\u00e1mos webhely l\u00e9tezik, melyek a cookie-k t\u00e1rol\u00e1s\u00e1ra, illetve kikapcsol\u00e1s\u00e1ra lehet\u0151s\u00e9get adnak a k\u00fcl\u00f6nb\u00f6z\u0151 szolg\u00e1ltat\u00e1sok el\u00e9r\u00e9s\u00e9hez. A cookie-k be\u00e1ll\u00edt\u00e1s\u00e1val kapcsolatban az al\u00e1bbi linkek is seg\u00edts\u00e9g\u00e9re szolg\u00e1lnak:<\/p>\n<p><a href=\"http:\/\/www.allaboutcookies.org\/\" target=\"_blank\" rel=\"noopener noreferrer\">http:\/\/www.allaboutcookies.org\/<br \/>\n<\/a><a href=\"http:\/\/www.youronlinechoices.eu\/\" target=\"_blank\" rel=\"noopener noreferrer\">http:\/\/www.youronlinechoices.eu\/<\/a><\/p>\n","protected":false},"excerpt":{"rendered":"<p>Felhaszn\u00e1l\u00f3i adatv\u00e9delem A honlap megfelel\u0151 m\u0171k\u00f6d\u00e9se, valamint tov\u00e1bbfejleszt\u00e9se, illetve a b\u00f6ng\u00e9sz\u00e9si \u00e9lm\u00e9ny jav\u00edt\u00e1sa \u00e9rdek\u00e9ben ennek a honlapnak a felhaszn\u00e1l\u00f3 sz\u00e1m\u00edt\u00f3g\u00e9p\u00e9n is kis mennyis\u00e9g\u0171 inform\u00e1ci\u00f3t (cookie-kat) kell t\u00e1rolnia. A honlapok t\u00f6bb mint 90%-a alkalmazza ezt a gyakorlatot, de az EU szab\u00e1lyoz\u00e1s szerint 2011.03.25-t\u0151l k\u00f6telesek vagyunk kik\u00e9rni a felhaszn\u00e1l\u00f3 hozz\u00e1j\u00e1rul\u00e1s\u00e1t a cookie-k (s\u00fctik) ment\u00e9se el\u0151tt. A weboldal haszn\u00e1lat\u00e1val \u00e9s az \u201eelfogadom\u201d opci\u00f3 kiv\u00e1laszt\u00e1s\u00e1val a felhaszn\u00e1l\u00f3 hozz\u00e1j\u00e1rul a cookie-k haszn\u00e1lat\u00e1hoz. A cookie-k letilt\u00e1s\u00e1val &hellip; <\/p>\n","protected":false},"author":1,"featured_media":0,"parent":0,"menu_order":0,"comment_status":"closed","ping_status":"closed","template":"page-templates\/fullwidth.php","meta":{"footnotes":""},"class_list":["post-276","page","type-page","status-publish","hentry"],"_links":{"self":[{"href":"https:\/\/strigova.info\/cycleseeing-attractour\/wp-json\/wp\/v2\/pages\/276","targetHints":{"allow":["GET"]}}],"collection":[{"href":"https:\/\/strigova.info\/cycleseeing-attractour\/wp-json\/wp\/v2\/pages"}],"about":[{"href":"https:\/\/strigova.info\/cycleseeing-attractour\/wp-json\/wp\/v2\/types\/page"}],"author":[{"embeddable":true,"href":"https:\/\/strigova.info\/cycleseeing-attractour\/wp-json\/wp\/v2\/users\/1"}],"replies":[{"embeddable":true,"href":"https:\/\/strigova.info\/cycleseeing-attractour\/wp-json\/wp\/v2\/comments?post=276"}],"version-history":[{"count":4,"href":"https:\/\/strigova.info\/cycleseeing-attractour\/wp-json\/wp\/v2\/pages\/276\/revisions"}],"predecessor-version":[{"id":776,"href":"https:\/\/strigova.info\/cycleseeing-attractour\/wp-json\/wp\/v2\/pages\/276\/revisions\/776"}],"wp:attachment":[{"href":"https:\/\/strigova.info\/cycleseeing-attractour\/wp-json\/wp\/v2\/media?parent=276"}],"curies":[{"name":"wp","href":"https:\/\/api.w.org\/{rel}","templated":true}]}}