{"id":27,"date":"2020-12-22T14:28:10","date_gmt":"2020-12-22T12:28:10","guid":{"rendered":"https:\/\/strigova.info\/cycleseeing-attractour\/?page_id=27"},"modified":"2022-07-18T10:33:00","modified_gmt":"2022-07-18T08:33:00","slug":"o-projektu","status":"publish","type":"page","link":"https:\/\/strigova.info\/cycleseeing-attractour\/o-projektu\/","title":{"rendered":"O projektu"},"content":{"rendered":"<h2>CSA &#8211; CycleSeeing Attractour<\/h2>\n<h4>Prekograni\u010dna suradnja u sklopu Programa Interreg V-A Ma\u0111arska \u2013 Hrvatska 2014-2020.<\/h4>\n<p>Vode\u0107i partner: Op\u0107ina \u0160trigova<br \/>\nPartner (HR): Turisti\u010dka zajednica Op\u0107ine \u0160trigova<br \/>\nPartner (HU): Grad Nagykanizsa<\/p>\n<p>Voditelj provedbe projekta: Javna ustanova za razvoj Me\u0111imurske \u017eupanije REDEA<br \/>\nPodupiraju\u0107i partner (HU): Biciklisti\u010dka udruga Term\u00e1l \u00dat Kis-Balaton<br \/>\nPodupiraju\u0107i partner (HR): Biciklisti\u010dki klub &#8220;Mura Avantura&#8221;<\/p>\n<p>Ukupna vrijednost projekta \u2013 1.463.966,46 EUR<br \/>\nOp\u0107ina \u0160trigova \u2013 935.323,75 EUR<br \/>\nTuristi\u010dka zajednica Op\u0107ine \u0160trigova \u2013 64.006,71 EUR<br \/>\nGrad Nagykanizsa\u2013 464.636,00 EUR<\/p>\n<p>Vrijeme provedbe projekta: 20 mjeseci<br \/>\nPo\u010detak provedbe projekta: 1. 9. 2020.<br \/>\nZavr\u0161etak provedbe projekta: 31. 7. 2022.<\/p>\n<p>CSA PROJEKT \u0106E DOPRINIJETI:<br \/>\n&#8211; izgradit \u0107e se i opremiti Biciklisti\u010dko informativni centar s vidikovcem na Ma\u0111erkinom bregu (HR)<br \/>\n&#8211; izgradit \u0107e se Eko posjetiteljski centar s pumptrack poligonom u Nagykanizsi (HU)<br \/>\n&#8211; promovirat \u0107e se pograni\u010dno podru\u010dje kao turisti\u010dka destinacija s aktivnom i atraktivnom sadr\u017eajnom ponudom i izradit \u0107e se zajedni\u010dki<br \/>\nturisti\u010dki paketi<br \/>\n&#8211; pobolj\u0161at \u0107e se prekograni\u010dna povezanost boljim ozna\u010davanjem biciklisti\u010dkih ruta poput EuroVelo13<br \/>\n&#8211; uvest \u0107e se ETIS sustav za odr\u017eivi destinacijski menad\u017ement<br \/>\n&#8211; izradit \u0107e se mobilna aplikacija za brojanje dolazaka posjetitelja i njihovog utjecaja na okoli\u0161<br \/>\n&#8211; doprinijet \u0107e se stvaranju odr\u017eivog i ekolo\u0161ki osvije\u0161tenog prekograni\u010dnog podru\u010dja s o\u010duvanom prirodnom i kulturnom ba\u0161tinom te<br \/>\nraznolikim i autenti\u010dnim krajolikom odr\u017eavanjem brojnih kulturno umjetni\u010dkih doga\u0111anja, zajedni\u010dkih sportskih manifestacija za bicikliste,<br \/>\ndjecu, turisti\u010dke stru\u010dnjake i posjetitelje.<\/p>\n","protected":false},"excerpt":{"rendered":"<p>CSA &#8211; CycleSeeing Attractour Prekograni\u010dna suradnja u sklopu Programa Interreg V-A Ma\u0111arska \u2013 Hrvatska 2014-2020. Vode\u0107i partner: Op\u0107ina \u0160trigova Partner (HR): Turisti\u010dka zajednica Op\u0107ine \u0160trigova Partner (HU): Grad Nagykanizsa Voditelj provedbe projekta: Javna ustanova za razvoj Me\u0111imurske \u017eupanije REDEA Podupiraju\u0107i partner (HU): Biciklisti\u010dka udruga Term\u00e1l \u00dat Kis-Balaton Podupiraju\u0107i partner (HR): Biciklisti\u010dki klub &#8220;Mura Avantura&#8221; Ukupna vrijednost projekta \u2013 1.463.966,46 EUR Op\u0107ina \u0160trigova \u2013 935.323,75 EUR Turisti\u010dka zajednica Op\u0107ine \u0160trigova \u2013 &hellip; <\/p>\n","protected":false},"author":1,"featured_media":11,"parent":0,"menu_order":0,"comment_status":"closed","ping_status":"closed","template":"page-templates\/fullwidth.php","meta":{"footnotes":""},"class_list":["post-27","page","type-page","status-publish","has-post-thumbnail","hentry"],"_links":{"self":[{"href":"https:\/\/strigova.info\/cycleseeing-attractour\/wp-json\/wp\/v2\/pages\/27","targetHints":{"allow":["GET"]}}],"collection":[{"href":"https:\/\/strigova.info\/cycleseeing-attractour\/wp-json\/wp\/v2\/pages"}],"about":[{"href":"https:\/\/strigova.info\/cycleseeing-attractour\/wp-json\/wp\/v2\/types\/page"}],"author":[{"embeddable":true,"href":"https:\/\/strigova.info\/cycleseeing-attractour\/wp-json\/wp\/v2\/users\/1"}],"replies":[{"embeddable":true,"href":"https:\/\/strigova.info\/cycleseeing-attractour\/wp-json\/wp\/v2\/comments?post=27"}],"version-history":[{"count":5,"href":"https:\/\/strigova.info\/cycleseeing-attractour\/wp-json\/wp\/v2\/pages\/27\/revisions"}],"predecessor-version":[{"id":778,"href":"https:\/\/strigova.info\/cycleseeing-attractour\/wp-json\/wp\/v2\/pages\/27\/revisions\/778"}],"wp:featuredmedia":[{"embeddable":true,"href":"https:\/\/strigova.info\/cycleseeing-attractour\/wp-json\/wp\/v2\/media\/11"}],"wp:attachment":[{"href":"https:\/\/strigova.info\/cycleseeing-attractour\/wp-json\/wp\/v2\/media?parent=27"}],"curies":[{"name":"wp","href":"https:\/\/api.w.org\/{rel}","templated":true}]}}