{"id":267,"date":"2021-01-05T09:40:15","date_gmt":"2021-01-05T07:40:15","guid":{"rendered":"https:\/\/strigova.info\/cycleseeing-attractour\/?page_id=267"},"modified":"2021-02-09T12:40:40","modified_gmt":"2021-02-09T10:40:40","slug":"erintkezes","status":"publish","type":"page","link":"https:\/\/strigova.info\/cycleseeing-attractour\/erintkezes\/?lang=hu","title":{"rendered":"\u00c9rintkez\u00e9s"},"content":{"rendered":"<p>\u0160trigova \u00d6nkorm\u00e1nyzata<br \/>\n\u0160trigova 87, 40 312 \u0160trigova<br \/>\ne-mail: opcina.strigova@ck.t-com.hr<br \/>\nwww.opcinastrigova.hr<\/p>\n<p>\u0160trigova Turisztikai Tan\u00e1c<br \/>\n\u0160trigova 103, 40 312 \u0160trigova<br \/>\ne-mail: tz@strigova.info<br \/>\nwww.strigova.info<\/p>\n<p>agykanizsa Megyei Jog\u00fa V\u00e1ros \u00d6nkorm\u00e1nyzata<br \/>\n8800 Nagykanizsa, Erzs\u00e9bet t\u00e9r 7.<br \/>\ne-mail: info@kanizsaifejlesztesek.hu<br \/>\nwww.nagykanizsa.hu<\/p>\n","protected":false},"excerpt":{"rendered":"<p>\u0160trigova \u00d6nkorm\u00e1nyzata \u0160trigova 87, 40 312 \u0160trigova e-mail: opcina.strigova@ck.t-com.hr www.opcinastrigova.hr \u0160trigova Turisztikai Tan\u00e1c \u0160trigova 103, 40 312 \u0160trigova e-mail: tz@strigova.info www.strigova.info agykanizsa Megyei Jog\u00fa V\u00e1ros \u00d6nkorm\u00e1nyzata 8800 Nagykanizsa, Erzs\u00e9bet t\u00e9r 7. e-mail: info@kanizsaifejlesztesek.hu www.nagykanizsa.hu<\/p>\n","protected":false},"author":1,"featured_media":0,"parent":0,"menu_order":0,"comment_status":"closed","ping_status":"closed","template":"page-templates\/fullwidth.php","meta":{"footnotes":""},"class_list":["post-267","page","type-page","status-publish","hentry"],"_links":{"self":[{"href":"https:\/\/strigova.info\/cycleseeing-attractour\/wp-json\/wp\/v2\/pages\/267","targetHints":{"allow":["GET"]}}],"collection":[{"href":"https:\/\/strigova.info\/cycleseeing-attractour\/wp-json\/wp\/v2\/pages"}],"about":[{"href":"https:\/\/strigova.info\/cycleseeing-attractour\/wp-json\/wp\/v2\/types\/page"}],"author":[{"embeddable":true,"href":"https:\/\/strigova.info\/cycleseeing-attractour\/wp-json\/wp\/v2\/users\/1"}],"replies":[{"embeddable":true,"href":"https:\/\/strigova.info\/cycleseeing-attractour\/wp-json\/wp\/v2\/comments?post=267"}],"version-history":[{"count":2,"href":"https:\/\/strigova.info\/cycleseeing-attractour\/wp-json\/wp\/v2\/pages\/267\/revisions"}],"predecessor-version":[{"id":337,"href":"https:\/\/strigova.info\/cycleseeing-attractour\/wp-json\/wp\/v2\/pages\/267\/revisions\/337"}],"wp:attachment":[{"href":"https:\/\/strigova.info\/cycleseeing-attractour\/wp-json\/wp\/v2\/media?parent=267"}],"curies":[{"name":"wp","href":"https:\/\/api.w.org\/{rel}","templated":true}]}}