{"id":259,"date":"2021-01-05T09:34:47","date_gmt":"2021-01-05T07:34:47","guid":{"rendered":"https:\/\/strigova.info\/cycleseeing-attractour\/?page_id=259"},"modified":"2021-02-09T12:38:17","modified_gmt":"2021-02-09T10:38:17","slug":"partnerek","status":"publish","type":"page","link":"https:\/\/strigova.info\/cycleseeing-attractour\/partnerek\/?lang=hu","title":{"rendered":"Partnerek"},"content":{"rendered":"<h2>\u0160TRIGOVA \u00d6NKORM\u00c1NYZATA<\/h2>\n<h4>A CSA &#8211; CycleSeeing Attractour projekt vezet\u0151 partnere \u0160trigova V\u00e1ros \u00d6nkorm\u00e1nyzata. A telep\u00fcl\u00e9s 44,79 n\u00e9gyzetkilom\u00e9teren ter\u00fcl el Horv\u00e1torsz\u00e1g \u00e9szaki r\u00e9sz\u00e9n, Me\u0111imurje megy\u00e9ben.<\/h4>\n<p>Az \u00f6nkorm\u00e1nyzat 10 telep\u00fcl\u00e9st foglal mag\u00e1ban: \u0160trigova, Banfi, Jal\u0161ovec, Grabrovnik, \u017delezna Gora, Prekopa, Sveti Urban, Stanetinec, Robadje \u00e9s Leskovec, mely k\u00f6zel 3 000 lakos\u00fa. Az \u00f6nkorm\u00e1nyzat sz\u00e9khelye \u0160trigova.<br \/>\n\u0160trigova fest\u0151i t\u00e1jakon helyezkedik el, ahol a legf\u0151bb h\u00faz\u00f3\u00e1gazatok a mez\u0151gazdas\u00e1g \u00e9s a sz\u0151l\u0151termeszt\u00e9s, valamint a turizmus &#8211; vend\u00e9gl\u00e1t\u00e1s: az ide l\u00e1togat\u00f3 turist\u00e1k k\u00fcl\u00f6nb\u00f6z\u0151 rendezv\u00e9nyeken \u00e9s sz\u00ednes zenei programokon vehetnek r\u00e9szt.A k\u00fcl\u00f6nb\u00f6z\u0151 projekteket az \u00c1llami Lev\u00e9lt\u00e1r figyeli Me\u0111imurje megye sz\u00e1m\u00e1ra, melynek sz\u00e9khelye egy 1912-ben \u00e9p\u00fclt \u0160trigov\u00e1-i m\u0171eml\u00e9k jelleg\u0171 \u00e9p\u00fclet.<br \/>\n\u0160trigova k\u00f6zs\u00e9g legmagasabb pontja Ma\u0111erkin-hegy, ahol a projekt keretein bel\u00fcl meg\u00e9p\u00fcl az \u00faj Ker\u00e9kp\u00e1ros Inform\u00e1ci\u00f3s K\u00f6zpont kil\u00e1t\u00f3val.<\/p>\n<p>Web: <a href=\"https:\/\/opcinastrigova.hr\">www.opcinastrigova.hr<\/a><\/p>\n<h2>\u0160TRIGOVA TURISZTIKAI TAN\u00c1CS<\/h2>\n<h4>\u0160trigova V\u00e1ros \u00d6nkorm\u00e1nyzat\u00e1nak Idegenforgalmi Hivatala egy helyi szervezet, melynek legf\u0151bb feladata a desztin\u00e1ci\u00f3s menedzsment, vagyis az adott turisztikai c\u00e9lter\u00fclet komplett menedzsel\u00e9s\u00e9. Ahogy a neve is sugallja, \u0160trigova k\u00f6zs\u00e9gben m\u0171k\u00f6dik.<\/h4>\n<p>A hivatalt 2003-ban hozt\u00e1k l\u00e9tre annak \u00e9rdek\u00e9ben, hogy az idegenforgalmat, az idegenforgalmi szolg\u00e1ltat\u00e1sokat ny\u00fajt\u00f3, illetve a turizmussal k\u00f6zvetlen\u00fcl \u00f6sszef\u00fcgg\u0151 egy\u00e9b tev\u00e9kenys\u00e9geket v\u00e9gz\u0151 jogi \u00e9s term\u00e9szetes szem\u00e9lyek gazdas\u00e1gi \u00e9rdekeit el\u0151re mozd\u00edtsa \u00e9s fejlessze.<br \/>\nA desztin\u00e1ci\u00f3 legvonz\u00f3bb turisztikai attrakci\u00f3i k\u00f6z\u00e9 tartozik a Szent M\u00e1ria Magdolna-templom, a Szent Jeromos-templom, Ivan Ranger barokk fest\u0151 felbecs\u00fclhetetlen \u00e9rt\u00e9k\u0171 fresk\u00f3ival, k\u00e1poln\u00e1k, k\u00fari\u00e1k, a Madjerkin-hegy, sz\u00e1mos bemutat\u00f3terem \u00e9s a Me\u0111imurje Bor\u00fat sz\u0151l\u0151\u00fcltetv\u00e9nyei.  \u0160trigova tov\u00e1bbi \u00e9rt\u00e9keit olyan rendezv\u00e9nyek mutatja be, mint p\u00e9ld\u00e1ul az Urbanovo \u00e9s a M\u0171v\u00e9sztelep, amelyeket minden \u00e9vben \u0160trigova V\u00e1ros \u00d6nkorm\u00e1nyzat\u00e1nak Turisztikai Igazgat\u00f3s\u00e1ga szervez. <\/p>\n<p>Web: <a href=\"https:\/\/www.strigova.info\">www.strigova.info<\/a><\/p>\n<h2>NAGYKANIZSA V\u00c1ROSA<\/h2>\n<h4>Nagykanizsa v\u00e1rosa 148,4 n\u00e9gyzetkilom\u00e9tere ter\u00fcl el Magyarorsz\u00e1g nyugati hat\u00e1r\u00e1n, Zala megy\u00e9ben. <\/h4>\n<p>A t\u00f6rt\u00e9nelmi belv\u00e1ros, az Erzs\u00e9bet t\u00e9r sz\u00e1mos kultur\u00e1lis \u00e9s m\u0171v\u00e9szeti arc\u00e1t mutatja az ide l\u00e1togat\u00f3 vend\u00e9geknek. T\u00f6rt\u00e9nelmi eml\u00e9kek, \u00e9p\u00fcletek, templomok \u00e9s sz\u00ednes programok, rendezv\u00e9nyek k\u00fcl\u00f6nf\u00e9le lehet\u0151s\u00e9get ny\u00fajtanak a v\u00e1ros lak\u00f3inak \u00e9s a turist\u00e1knak is a kikapcsol\u00f3d\u00e1sra \u00e9s a sz\u00f3rakoz\u00e1sra.<br \/>\nZala megye, \u00edgy Nagykanizsa t\u00e9rs\u00e9ge is kedvez\u0151 adotts\u00e1gokkal rendelkezik az akt\u00edv, ker\u00e9kp\u00e1ros turizmus fejleszt\u00e9s\u00e9hez. A telep\u00fcl\u00e9s hat\u00e1r\u00e1n elhelyezked\u0151 Cs\u00f3nak\u00e1z\u00f3-t\u00f3 d\u00e9li partj\u00e1n l\u00e9v\u0151 k\u00f6zparkban ker\u00fcl kialak\u00edt\u00e1sra a projekt keretein bel\u00fcl egy ker\u00e9kp\u00e1ros l\u00e1togat\u00f3k\u00f6zpont. F\u0151 c\u00e9lja, egy olyan biciklis infrastrukt\u00fara megval\u00f3s\u00edt\u00e1sa, mely komfortos \u00e9s biztons\u00e1gos k\u00f6zleked\u00e9st ny\u00fajt a t\u00e9rs\u00e9gben \u00e9l\u0151 sportkedvel\u0151k, valamint a mindennapos ker\u00e9kp\u00e1roz\u00f3k sz\u00e1m\u00e1ra Nagykanizsa t\u00e9rs\u00e9g\u00e9ben. Emellett ker\u00fcl kialak\u00edt\u00e1sra a ker\u00e9kp\u00e1ros pumpap\u00e1lya, mely hull\u00e1mok \u00e9s kanyarok egym\u00e1sut\u00e1nja. Ez egy olyan \u00fcgyess\u00e9gi p\u00e1lya, melyet kort\u00f3l f\u00fcggetlen\u00fcl mindenki haszn\u00e1lhat \u00e9s ha a bring\u00e1s \u00fcgyesen \u201epump\u00e1l\u201d, akkor teker\u00e9s n\u00e9lk\u00fcl k\u00f6nnyen tud k\u00f6rbe-k\u00f6rbe haladni. <\/p>\n<p>Web: <a href=\"https:\/\/www.nagykanizsa.hu\">www.nagykanizsa.hu<\/a><\/p>\n","protected":false},"excerpt":{"rendered":"<p>\u0160TRIGOVA \u00d6NKORM\u00c1NYZATA A CSA &#8211; CycleSeeing Attractour projekt vezet\u0151 partnere \u0160trigova V\u00e1ros \u00d6nkorm\u00e1nyzata. A telep\u00fcl\u00e9s 44,79 n\u00e9gyzetkilom\u00e9teren ter\u00fcl el Horv\u00e1torsz\u00e1g \u00e9szaki r\u00e9sz\u00e9n, Me\u0111imurje megy\u00e9ben. Az \u00f6nkorm\u00e1nyzat 10 telep\u00fcl\u00e9st foglal mag\u00e1ban: \u0160trigova, Banfi, Jal\u0161ovec, Grabrovnik, \u017delezna Gora, Prekopa, Sveti Urban, Stanetinec, Robadje \u00e9s Leskovec, mely k\u00f6zel 3 000 lakos\u00fa. Az \u00f6nkorm\u00e1nyzat sz\u00e9khelye \u0160trigova. \u0160trigova fest\u0151i t\u00e1jakon helyezkedik el, ahol a legf\u0151bb h\u00faz\u00f3\u00e1gazatok a mez\u0151gazdas\u00e1g \u00e9s a sz\u0151l\u0151termeszt\u00e9s, valamint a turizmus &#8211; &hellip; <\/p>\n","protected":false},"author":1,"featured_media":0,"parent":0,"menu_order":0,"comment_status":"closed","ping_status":"closed","template":"page-templates\/fullwidth.php","meta":{"footnotes":""},"class_list":["post-259","page","type-page","status-publish","hentry"],"_links":{"self":[{"href":"https:\/\/strigova.info\/cycleseeing-attractour\/wp-json\/wp\/v2\/pages\/259","targetHints":{"allow":["GET"]}}],"collection":[{"href":"https:\/\/strigova.info\/cycleseeing-attractour\/wp-json\/wp\/v2\/pages"}],"about":[{"href":"https:\/\/strigova.info\/cycleseeing-attractour\/wp-json\/wp\/v2\/types\/page"}],"author":[{"embeddable":true,"href":"https:\/\/strigova.info\/cycleseeing-attractour\/wp-json\/wp\/v2\/users\/1"}],"replies":[{"embeddable":true,"href":"https:\/\/strigova.info\/cycleseeing-attractour\/wp-json\/wp\/v2\/comments?post=259"}],"version-history":[{"count":3,"href":"https:\/\/strigova.info\/cycleseeing-attractour\/wp-json\/wp\/v2\/pages\/259\/revisions"}],"predecessor-version":[{"id":335,"href":"https:\/\/strigova.info\/cycleseeing-attractour\/wp-json\/wp\/v2\/pages\/259\/revisions\/335"}],"wp:attachment":[{"href":"https:\/\/strigova.info\/cycleseeing-attractour\/wp-json\/wp\/v2\/media?parent=259"}],"curies":[{"name":"wp","href":"https:\/\/api.w.org\/{rel}","templated":true}]}}