{"id":256,"date":"2021-01-05T09:32:19","date_gmt":"2021-01-05T07:32:19","guid":{"rendered":"https:\/\/strigova.info\/cycleseeing-attractour\/?page_id=256"},"modified":"2022-07-18T10:33:27","modified_gmt":"2022-07-18T08:33:27","slug":"a-projektrol","status":"publish","type":"page","link":"https:\/\/strigova.info\/cycleseeing-attractour\/a-projektrol\/?lang=hu","title":{"rendered":"A projektr\u0151l"},"content":{"rendered":"<h2>CSA &#8211; CycleSeeing Attractour<\/h2>\n<h4>Interreg V-A Magyarorsz\u00e1g &#8211; Horv\u00e1torsz\u00e1g egy\u00fcttm\u0171k\u00f6d\u00e9si program 2014-2020.<\/h4>\n<p>Vezet\u0151 kedvezm\u00e9nyezett: \u0160trigova \u00d6nkorm\u00e1nyzata<br \/>\nKedvezm\u00e9nyezett (HR): \u0160trigova Turisztikai Tan\u00e1cs<br \/>\nKedvezm\u00e9nyezett (HU): Nagykanizsa Megyei Jog\u00fa V\u00e1ros \u00d6nkorm\u00e1nyzata<\/p>\n<p>Projektmenedzsment: A Me\u0111imurje Megyei Fejleszt\u00e9s\u00e9rt K\u00f6zint\u00e9zm\u00e9ny REDEA<br \/>\nT\u00e1mogat\u00f3 partnerek: \u201eTerm\u00e1l \u00dat Kis-Balaton\u201cKer\u00e9kp\u00e1ros Egyes\u00fclet (HU) \u00e9s \u201eMura Avantura\u201c Ker\u00e9kp\u00e1rosklub (HR)<\/p>\n<p>A projekt k\u00f6lts\u00e9gvet\u00e9se \u2013 1.463.966,46 EUR<br \/>\n\u0160trigova \u00f6nkorm\u00e1nyzata \u2013 935.323,75 EUR<br \/>\n\u0160trigova Idegenforgalmi Hivatal &#8211; 64.006,71 EUR<br \/>\nNagykanizsa Megyei Jog\u00fa V\u00e1ros \u00d6nkorm\u00e1nyzata &#8211; 464.636,00 EUR<\/p>\n<p>A projekt id\u0151tartama: 20 h\u00f3nap<br \/>\nA projekt kezdete: 2020.09.01.<br \/>\nA projekt befejez\u00e9s\u00e9nek d\u00e1tuma: 2022.07.31.<\/p>\n<p>A CSA F\u0150BB EREDM\u00c9NYEI:<br \/>\n&#8211; Ker\u00e9kp\u00e1ros Inform\u00e1ci\u00f3s K\u00f6zpont \u00e9p\u00fcl kil\u00e1t\u00f3val a Ma\u0111erka-hegyen. (HR)<br \/>\n&#8211; Nagykanizs\u00e1n egy Ker\u00e9kp\u00e1ros L\u00e1togat\u00f3k\u00f6zpont ker\u00fcl kialak\u00edt\u00e1sra, pumpap\u00e1ly\u00e1val. (HU)<br \/>\n&#8211; A hat\u00e1r menti t\u00e9rs\u00e9geket \u00faj turisztikai c\u00e9lpontk\u00e9nt tudjuk n\u00e9pszer\u0171s\u00edteni, k\u00f6z\u00f6s turisztikai csomagok fejleszt\u00e9s\u00e9vel.<br \/>\n&#8211; A nemr\u00e9g meg\u00e9p\u00edtett ker\u00e9kp\u00e1r\u00fatak, mint az EuroVelo13 is, jav\u00edtj\u00e1k a hat\u00e1ron \u00e1tny\u00fal\u00f3 kapcsolatokat.<br \/>\n&#8211; ETIS \u00f6kotan\u00fas\u00edtv\u00e1ny ker\u00fcl bevezet\u00e9sre, valamint egy mobilapplik\u00e1ci\u00f3t is fejleszt\u00fcnk a turizmus k\u00f6rnyezeti l\u00e1bnyom\u00e1nak m\u00e9r\u00e9s\u00e9re.<br \/>\n&#8211; Felh\u00edvjuk a figyelmet az akt\u00edv, ker\u00e9kp\u00e1ros turizmus fontoss\u00e1g\u00e1ra, valamint bemutatjuk a k\u00f6rny\u00e9k term\u00e9szeti \u00e9s kultur\u00e1lis \u00f6r\u00f6ks\u00e9geit, \u00e9rt\u00e9keit. Sz\u00e1mos kultur\u00e1lis \u00e9s m\u0171v\u00e9szeti esem\u00e9nnyel k\u00e9sz\u00fcl\u00fcnk a projekt keretein bel\u00fcl: sportesem\u00e9nyeket szervez\u00fcnk, k\u00f6z\u00f6s ker\u00e9kp\u00e1rt\u00far\u00e1kat tartunk a k\u00e9t v\u00e1rosban, a gyermekek sz\u00e1m\u00e1ra pedig kreat\u00edv workshopok rendez\u00fcnk.<\/p>\n","protected":false},"excerpt":{"rendered":"<p>CSA &#8211; CycleSeeing Attractour Interreg V-A Magyarorsz\u00e1g &#8211; Horv\u00e1torsz\u00e1g egy\u00fcttm\u0171k\u00f6d\u00e9si program 2014-2020. Vezet\u0151 kedvezm\u00e9nyezett: \u0160trigova \u00d6nkorm\u00e1nyzata Kedvezm\u00e9nyezett (HR): \u0160trigova Turisztikai Tan\u00e1cs Kedvezm\u00e9nyezett (HU): Nagykanizsa Megyei Jog\u00fa V\u00e1ros \u00d6nkorm\u00e1nyzata Projektmenedzsment: A Me\u0111imurje Megyei Fejleszt\u00e9s\u00e9rt K\u00f6zint\u00e9zm\u00e9ny REDEA T\u00e1mogat\u00f3 partnerek: \u201eTerm\u00e1l \u00dat Kis-Balaton\u201cKer\u00e9kp\u00e1ros Egyes\u00fclet (HU) \u00e9s \u201eMura Avantura\u201c Ker\u00e9kp\u00e1rosklub (HR) A projekt k\u00f6lts\u00e9gvet\u00e9se \u2013 1.463.966,46 EUR \u0160trigova \u00f6nkorm\u00e1nyzata \u2013 935.323,75 EUR \u0160trigova Idegenforgalmi Hivatal &#8211; 64.006,71 EUR Nagykanizsa Megyei Jog\u00fa V\u00e1ros \u00d6nkorm\u00e1nyzata &#8211; &hellip; <\/p>\n","protected":false},"author":1,"featured_media":20,"parent":0,"menu_order":0,"comment_status":"closed","ping_status":"closed","template":"page-templates\/fullwidth.php","meta":{"footnotes":""},"class_list":["post-256","page","type-page","status-publish","has-post-thumbnail","hentry"],"_links":{"self":[{"href":"https:\/\/strigova.info\/cycleseeing-attractour\/wp-json\/wp\/v2\/pages\/256","targetHints":{"allow":["GET"]}}],"collection":[{"href":"https:\/\/strigova.info\/cycleseeing-attractour\/wp-json\/wp\/v2\/pages"}],"about":[{"href":"https:\/\/strigova.info\/cycleseeing-attractour\/wp-json\/wp\/v2\/types\/page"}],"author":[{"embeddable":true,"href":"https:\/\/strigova.info\/cycleseeing-attractour\/wp-json\/wp\/v2\/users\/1"}],"replies":[{"embeddable":true,"href":"https:\/\/strigova.info\/cycleseeing-attractour\/wp-json\/wp\/v2\/comments?post=256"}],"version-history":[{"count":3,"href":"https:\/\/strigova.info\/cycleseeing-attractour\/wp-json\/wp\/v2\/pages\/256\/revisions"}],"predecessor-version":[{"id":780,"href":"https:\/\/strigova.info\/cycleseeing-attractour\/wp-json\/wp\/v2\/pages\/256\/revisions\/780"}],"wp:featuredmedia":[{"embeddable":true,"href":"https:\/\/strigova.info\/cycleseeing-attractour\/wp-json\/wp\/v2\/media\/20"}],"wp:attachment":[{"href":"https:\/\/strigova.info\/cycleseeing-attractour\/wp-json\/wp\/v2\/media?parent=256"}],"curies":[{"name":"wp","href":"https:\/\/api.w.org\/{rel}","templated":true}]}}