{"id":205,"date":"2021-01-04T13:11:31","date_gmt":"2021-01-04T11:11:31","guid":{"rendered":"https:\/\/strigova.info\/cycleseeing-attractour\/?page_id=205"},"modified":"2021-01-05T09:40:59","modified_gmt":"2021-01-05T07:40:59","slug":"contact","status":"publish","type":"page","link":"https:\/\/strigova.info\/cycleseeing-attractour\/contact\/?lang=en","title":{"rendered":"Contact"},"content":{"rendered":"<p>Municipality of \u0160trigova<br \/>\n\u0160trigova 87, 40 312 \u0160trigova<br \/>\ne-mail: opcina.strigova@ck.t-com.hr<br \/>\nwww.opcinastrigova.hr<\/p>\n<p>\u0160trigova Tourism Board<br \/>\n\u0160trigova 103, 40 312 \u0160trigova<br \/>\ne-mail: tz@strigova.info<br \/>\nwww.strigova.info<\/p>\n<p>Municipality of Nagykanizsa<br \/>\nNagykanizsa Megyei Jog\u00fa V\u00e1ros<br \/>\nErzs\u00e9bet t\u00e9r 7, 8800 Nagykanizsa<br \/>\ne-mail:<br \/>\nwww.nagykanizsa.hu<\/p>\n","protected":false},"excerpt":{"rendered":"<p>Municipality of \u0160trigova \u0160trigova 87, 40 312 \u0160trigova e-mail: opcina.strigova@ck.t-com.hr www.opcinastrigova.hr \u0160trigova Tourism Board \u0160trigova 103, 40 312 \u0160trigova e-mail: tz@strigova.info www.strigova.info Municipality of Nagykanizsa Nagykanizsa Megyei Jog\u00fa V\u00e1ros Erzs\u00e9bet t\u00e9r 7, 8800 Nagykanizsa e-mail: www.nagykanizsa.hu<\/p>\n","protected":false},"author":1,"featured_media":0,"parent":0,"menu_order":0,"comment_status":"closed","ping_status":"closed","template":"page-templates\/fullwidth.php","meta":{"footnotes":""},"class_list":["post-205","page","type-page","status-publish","hentry"],"_links":{"self":[{"href":"https:\/\/strigova.info\/cycleseeing-attractour\/wp-json\/wp\/v2\/pages\/205","targetHints":{"allow":["GET"]}}],"collection":[{"href":"https:\/\/strigova.info\/cycleseeing-attractour\/wp-json\/wp\/v2\/pages"}],"about":[{"href":"https:\/\/strigova.info\/cycleseeing-attractour\/wp-json\/wp\/v2\/types\/page"}],"author":[{"embeddable":true,"href":"https:\/\/strigova.info\/cycleseeing-attractour\/wp-json\/wp\/v2\/users\/1"}],"replies":[{"embeddable":true,"href":"https:\/\/strigova.info\/cycleseeing-attractour\/wp-json\/wp\/v2\/comments?post=205"}],"version-history":[{"count":2,"href":"https:\/\/strigova.info\/cycleseeing-attractour\/wp-json\/wp\/v2\/pages\/205\/revisions"}],"predecessor-version":[{"id":269,"href":"https:\/\/strigova.info\/cycleseeing-attractour\/wp-json\/wp\/v2\/pages\/205\/revisions\/269"}],"wp:attachment":[{"href":"https:\/\/strigova.info\/cycleseeing-attractour\/wp-json\/wp\/v2\/media?parent=205"}],"curies":[{"name":"wp","href":"https:\/\/api.w.org\/{rel}","templated":true}]}}