{"id":203,"date":"2021-01-04T13:11:01","date_gmt":"2021-01-04T11:11:01","guid":{"rendered":"https:\/\/strigova.info\/cycleseeing-attractour\/?page_id=203"},"modified":"2021-02-09T12:30:16","modified_gmt":"2021-02-09T10:30:16","slug":"partners","status":"publish","type":"page","link":"https:\/\/strigova.info\/cycleseeing-attractour\/partners\/?lang=en","title":{"rendered":"Partners"},"content":{"rendered":"<h2>MUNICIPALITY \u0160TRIGOVA<\/h2>\n<h4>Municipality \u0160trigova is the leading Partner in CSA &#8211; CycleSeeing Attractour. It covers 44.79 square kilometers of northern Croatia in Me\u0111imurje County.<\/h4>\n<p>The Municipality includes ten villages: \u0160trigova, Banfi, Jal\u0161ovec, Grabrovnik, \u017delezna Gora, Prekopa, Sveti Urban, Stanetinec, Robadje and Leskovec having the population of almost 3000 residents. The seat of the municipality is in \u0160trigova.<br \/>\n\u0160trigova is a place with picturesque landscapes where people form the shape and give meaning to the agricultural and wine-production, cycling tourism and hospitality, to religious and musical program. The arrangement of space and society is monitored in the State Archives for Me\u0111imurje, which has its headquarters in \u0160trigova, in a building from 1912.<br \/>\nThe highest point in Municipality of \u0160trigova is the Ma\u0111erka hill, which will, acquire the Bike info center with lookout tower, due to the project.<\/p>\n<p>Web: <a href=\"https:\/\/opcinastrigova.hr\">www.opcinastrigova.hr<\/a><\/p>\n<h2>\u0160TRIGOVA TOURISM BOARD<\/h2>\n<h4>The Tourist Board of the Municipality of \u0160trigova is a local organization that operates on the principle of destination management. As the name suggests, it operates in the Municipality of \u0160trigova.<\/h4>\n<p>It was established in 2003 to promote and develop tourism and the economic interests of legal and natural persons who provide services in tourism or perform other activities directly related to tourism.<br \/>\nSome of the most attractive tourist attractions of the destination are the Church of St. Mary Magdalene, the Church of St. Jerome &#8211; a monument of zero category with invaluable frescoes by baroque painter Ivan Ranger, chapels, mansions, Ma\u0111erkin breg, numerous tasting rooms and vineyards of Me\u0111imurje Wine Road. The added value of \u0160trigova is achieved by numerous events, such as Urbanovo and the Art Colony, which are organized by the \u0160trigova Tourism Board throughout the year.<\/p>\n<p>Web: <a href=\"https:\/\/www.strigova.info\/?lang=en \">www.strigova.info<\/a><\/p>\n<h2>MUNICIPALITY OF NAGYKANIZSA<\/h2>\n<h4>Municipality Nagykanizsa &#8211; Nagykanizsa Megyei Jog\u00fa V\u00e1ros is one of the Partners in CSA &#8211; CycleSeeing Attractour. It covers 148.40 square kilometers of southwestern Hungary, having the population of almost 48000 residents. .<\/h4>\n<p>The historic city center with Erzs\u00e9bet Square, the many faces of culture and art, the experience-rich environment, the special public buildings and churches, historical monuments and diverse events provide visitors the opportunity for relaxation and entertainment.<br \/>\nThe Boating Lake in Nagykanizsa is a popular recreation centre, which will, acquire the Eco visitor center with bike pump track, due to the project.<\/p>\n<p>Web: <a href=\"https:\/\/www.nagykanizsa.hu\">www.nagykanizsa.hu<\/a><\/p>\n","protected":false},"excerpt":{"rendered":"<p>MUNICIPALITY \u0160TRIGOVA Municipality \u0160trigova is the leading Partner in CSA &#8211; CycleSeeing Attractour. It covers 44.79 square kilometers of northern Croatia in Me\u0111imurje County. The Municipality includes ten villages: \u0160trigova, Banfi, Jal\u0161ovec, Grabrovnik, \u017delezna Gora, Prekopa, Sveti Urban, Stanetinec, Robadje and Leskovec having the population of almost 3000 residents. The seat of the municipality is in \u0160trigova. \u0160trigova is a place with picturesque landscapes where people form the shape and &hellip; <\/p>\n","protected":false},"author":1,"featured_media":0,"parent":0,"menu_order":0,"comment_status":"closed","ping_status":"closed","template":"page-templates\/fullwidth.php","meta":{"footnotes":""},"class_list":["post-203","page","type-page","status-publish","hentry"],"_links":{"self":[{"href":"https:\/\/strigova.info\/cycleseeing-attractour\/wp-json\/wp\/v2\/pages\/203","targetHints":{"allow":["GET"]}}],"collection":[{"href":"https:\/\/strigova.info\/cycleseeing-attractour\/wp-json\/wp\/v2\/pages"}],"about":[{"href":"https:\/\/strigova.info\/cycleseeing-attractour\/wp-json\/wp\/v2\/types\/page"}],"author":[{"embeddable":true,"href":"https:\/\/strigova.info\/cycleseeing-attractour\/wp-json\/wp\/v2\/users\/1"}],"replies":[{"embeddable":true,"href":"https:\/\/strigova.info\/cycleseeing-attractour\/wp-json\/wp\/v2\/comments?post=203"}],"version-history":[{"count":3,"href":"https:\/\/strigova.info\/cycleseeing-attractour\/wp-json\/wp\/v2\/pages\/203\/revisions"}],"predecessor-version":[{"id":327,"href":"https:\/\/strigova.info\/cycleseeing-attractour\/wp-json\/wp\/v2\/pages\/203\/revisions\/327"}],"wp:attachment":[{"href":"https:\/\/strigova.info\/cycleseeing-attractour\/wp-json\/wp\/v2\/media?parent=203"}],"curies":[{"name":"wp","href":"https:\/\/api.w.org\/{rel}","templated":true}]}}